{"id":122,"date":"2021-05-05T15:03:21","date_gmt":"2021-05-05T13:03:21","guid":{"rendered":"http:\/\/www.tennisbennwihr.fr\/?page_id=122"},"modified":"2023-08-24T08:22:19","modified_gmt":"2023-08-24T06:22:19","slug":"presentation","status":"publish","type":"page","link":"http:\/\/www.tennisbennwihr.fr\/?page_id=122","title":{"rendered":"Pr\u00e9sentation"},"content":{"rendered":"\n<p><u><strong><span class=\"has-inline-color has-white-color\">Le mot du Pr\u00e9sident :<\/span><\/strong><\/u><\/p>\n\n\n\n<p><span class=\"has-inline-color has-white-color\">F\u00eatant ces 40 ans en 2022, le tennis de Bennwihr offre un cadre magnifique pour tous les amoureux de la petite balle jaune. Ce site\u00a0vous pr\u00e9sentera notre club, nos activit\u00e9s sportives et extra sportives mais aussi pour vous donner des informations pratiques ainsi que les derni\u00e8res actualit\u00e9s du club.<\/span><\/p>\n\n\n\n<p><span class=\"has-inline-color has-white-color\">Si vous souhaitez plus d&rsquo;informations, n&rsquo;h\u00e9sitez pas \u00e0 nous contacter.<br>Bien \u00e0 vous <br>Le pr\u00e9sident.<\/span><\/p>\n\n\n\n<p><strong><u><span class=\"has-inline-color has-white-color\">Nos installations :<\/span><\/u><\/strong><\/p>\n\n\n\n<p><span class=\"has-inline-color has-white-color\">&#8211; 2 terrains ext\u00e9rieurs en gazon synth\u00e9tique \u00e9quip\u00e9s d&rsquo;\u00e9clairage.<br>&#8211; 1 club-house spacieux avec vestiaires et douches.<\/span><br><span class=\"has-inline-color has-white-color\">&#8211; Acc\u00e8s au gymnase communal pour l&rsquo;\u00e9cole de Tennis<\/span><\/p>\n\n\n\n<div class=\"wp-block-image\"><figure class=\"aligncenter size-large is-resized\"><img loading=\"lazy\" decoding=\"async\" src=\"http:\/\/www.tennisbennwihr.fr\/wp-content\/uploads\/2021\/05\/DJI_0057-3-1024x768.jpg\" alt=\"\" class=\"wp-image-133\" width=\"639\" height=\"478\" srcset=\"http:\/\/www.tennisbennwihr.fr\/wp-content\/uploads\/2021\/05\/DJI_0057-3-1024x768.jpg 1024w, http:\/\/www.tennisbennwihr.fr\/wp-content\/uploads\/2021\/05\/DJI_0057-3-300x225.jpg 300w, http:\/\/www.tennisbennwihr.fr\/wp-content\/uploads\/2021\/05\/DJI_0057-3-768x576.jpg 768w, http:\/\/www.tennisbennwihr.fr\/wp-content\/uploads\/2021\/05\/DJI_0057-3-1536x1152.jpg 1536w, http:\/\/www.tennisbennwihr.fr\/wp-content\/uploads\/2021\/05\/DJI_0057-3-2048x1536.jpg 2048w\" sizes=\"auto, (max-width: 639px) 100vw, 639px\" \/><\/figure><\/div>\n\n\n\n<p><strong><u><span class=\"has-inline-color has-white-color\">Nos effectifs : &nbsp;<\/span><\/u><\/strong><\/p>\n\n\n\n<p><span class=\"has-inline-color has-white-color\">&#8211;&nbsp;52 Jeunes<br>&#8211; 41 adultes<\/span><\/p>\n\n\n\n<p><strong><span class=\"has-inline-color has-white-color\">Le comit\u00e9&nbsp;:<\/span><\/strong><br><span class=\"has-inline-color has-white-color\">&#8211; Pr\u00e9sident : Dominique SCHMITT<br>&#8211; Membres d&rsquo;honneurs : Yves ADAM &#8211; Paul FONNE<br>&#8211; Tr\u00e9sori\u00e8re : Christine SCHWINDENHAMMER<br>&#8211; Secr\u00e9taire : Mich\u00e8le TONNELIER&nbsp; <br>&#8211; Correspondant avec la ligue : Mich\u00e8le TONNELIER<br>&#8211; D\u00e9l\u00e9gu\u00e9 \u00e0 l&rsquo;arbitrage : Yannick HAAS<br>&#8211; Responsable \u00e9cole de tennis : Eric HAENSEL<br>&#8211; Responsable \u00e9quipes f\u00e9minines : Mich\u00e8le TONNELIER &#8211; Clotilde HUBERSCHWILLER<br>&#8211; Responsable \u00e9quipes masculines : Fr\u00e9d\u00e9ric FONNE &#8211; Christophe BETTER<br>&#8211; Responsable divertissement et activit\u00e9s ext\u00e9rieures: Etienne FRANZ<br>&#8211; Responsable presse : Mich\u00e8le TONNELIER<br>&#8211; Responsable informatique et internet : Etienne FRANZ&nbsp;&#8211; Yannick HAAS<br>&#8211; Responsable Club&nbsp;House : Catherine CAMILLE<br>&#8211; Responsable Sponsoring : Christophe BETTER<\/span><\/p>\n","protected":false},"excerpt":{"rendered":"<p>Le mot du Pr\u00e9sident : F\u00eatant ces 40 ans en 2022, le tennis de Bennwihr offre un cadre magnifique pour tous les amoureux de la petite balle jaune. Ce site\u00a0vous pr\u00e9sentera notre club, nos activit\u00e9s sportives et extra sportives mais aussi pour vous donner des informations pratiques ainsi que les derni\u00e8res actualit\u00e9s du club. Si [&hellip;]<\/p>\n","protected":false},"author":1,"featured_media":0,"parent":0,"menu_order":0,"comment_status":"closed","ping_status":"closed","template":"","meta":{"footnotes":""},"class_list":["post-122","page","type-page","status-publish","hentry"],"_links":{"self":[{"href":"http:\/\/www.tennisbennwihr.fr\/index.php?rest_route=\/wp\/v2\/pages\/122","targetHints":{"allow":["GET"]}}],"collection":[{"href":"http:\/\/www.tennisbennwihr.fr\/index.php?rest_route=\/wp\/v2\/pages"}],"about":[{"href":"http:\/\/www.tennisbennwihr.fr\/index.php?rest_route=\/wp\/v2\/types\/page"}],"author":[{"embeddable":true,"href":"http:\/\/www.tennisbennwihr.fr\/index.php?rest_route=\/wp\/v2\/users\/1"}],"replies":[{"embeddable":true,"href":"http:\/\/www.tennisbennwihr.fr\/index.php?rest_route=%2Fwp%2Fv2%2Fcomments&post=122"}],"version-history":[{"count":11,"href":"http:\/\/www.tennisbennwihr.fr\/index.php?rest_route=\/wp\/v2\/pages\/122\/revisions"}],"predecessor-version":[{"id":174,"href":"http:\/\/www.tennisbennwihr.fr\/index.php?rest_route=\/wp\/v2\/pages\/122\/revisions\/174"}],"wp:attachment":[{"href":"http:\/\/www.tennisbennwihr.fr\/index.php?rest_route=%2Fwp%2Fv2%2Fmedia&parent=122"}],"curies":[{"name":"wp","href":"https:\/\/api.w.org\/{rel}","templated":true}]}}