{"id":138,"date":"2021-05-06T10:01:17","date_gmt":"2021-05-06T08:01:17","guid":{"rendered":"http:\/\/www.tennisbennwihr.fr\/?page_id=138"},"modified":"2025-10-07T20:05:52","modified_gmt":"2025-10-07T18:05:52","slug":"tarifs-et-reglement","status":"publish","type":"page","link":"http:\/\/www.tennisbennwihr.fr\/?page_id=138","title":{"rendered":"Tarifs et R\u00e9glement"},"content":{"rendered":"\n<p><strong><u><span class=\"has-inline-color has-white-color\">TARIFS 2025\/2026<\/span><\/u><\/strong><\/p>\n\n\n\n<p><span class=\"has-inline-color has-white-color\">1.&nbsp;&nbsp;&nbsp;&nbsp;&nbsp;&nbsp; L&rsquo;ann\u00e9e tennistique commence le 1er Juillet 2025 et se termine le 30 Juin 2026<\/span><br><span class=\"has-inline-color has-white-color\">2.&nbsp;&nbsp;&nbsp;&nbsp;&nbsp;&nbsp; La r\u00e9servation d&rsquo;un court se fait par internet via l&rsquo;application TEN&rsquo;UP.<\/span><br><span class=\"has-inline-color has-white-color\">3.&nbsp;&nbsp;&nbsp;&nbsp;&nbsp;&nbsp; Diff\u00e9rentes cotisations annuelles possibles :<\/span><\/p>\n\n\n\n<p><strong><u><span class=\"has-inline-color has-white-color\">FORMULES AVEC ACCES A LA RESERVATION DES COURTS :<\/span><\/u><\/strong><\/p>\n\n\n\n<figure class=\"wp-block-table is-style-regular\"><table class=\"has-background\" style=\"background-color:#f3f4f5\"><tbody><tr><td class=\"has-text-align-center\" data-align=\"center\"><strong>Adulte seul<\/strong><\/td><td class=\"has-text-align-center\" data-align=\"center\"><strong>+ Conjoint<\/strong><\/td><td class=\"has-text-align-center\" data-align=\"center\"><strong>+ Enfant -16 ans<\/strong><\/td><\/tr><tr><td class=\"has-text-align-center\" data-align=\"center\">150 \u20ac<\/td><td class=\"has-text-align-center\" data-align=\"center\">+ 50\u20ac<\/td><td class=\"has-text-align-center\" data-align=\"center\">+ 40 \u20ac<\/td><\/tr><\/tbody><\/table><\/figure>\n\n\n\n<figure class=\"wp-block-table\"><table class=\"has-background\" style=\"background-color:#f3f4f5\"><tbody><tr><td><strong>Enfant -18 ans sans \u00e9cole de tennis ni parent membre<\/strong><\/td><\/tr><tr><td>100 \u20ac<\/td><\/tr><\/tbody><\/table><\/figure>\n\n\n\n<figure class=\"wp-block-table\"><table class=\"has-background\" style=\"background-color:#f3f4f5\"><tbody><tr><td><strong>Parent souhaitant jouer uniquement avec son enfant inscrit \u00e0 l&rsquo;\u00e9cole de tennis<\/strong><\/td><\/tr><tr><td>80 \u20ac<\/td><\/tr><\/tbody><\/table><\/figure>\n\n\n\n<figure class=\"wp-block-table\"><table class=\"has-background\" style=\"background-color:#f3f4f5\"><tbody><tr><td><strong>Cotisation Et\u00e9 du 1er Juillet au 31 Ao\u00fbt<\/strong><\/td><\/tr><tr><td>1 Personne<\/td><td>Personnes suppl\u00e9mentaires (conjoint \/ enfant )<\/td><\/tr><tr><td>80\u20ac<\/td><td>+ 40\u20ac<\/td><\/tr><\/tbody><\/table><\/figure>\n\n\n\n<p><strong><u><span class=\"has-inline-color has-white-color\">FORMULES SANS ACCES A LA RESERVATION DES COURTS :<\/span><\/u><\/strong><\/p>\n\n\n\n<figure class=\"wp-block-table\"><table class=\"has-background\" style=\"background-color:#f3f4f5\"><tbody><tr><td><strong>Inscription \u00e0 l&rsquo;\u00e9cole de tennis *<\/strong><\/td><\/tr><tr><td>180 \u20ac<\/td><\/tr><\/tbody><\/table><\/figure>\n\n\n\n<figure class=\"wp-block-table\"><table class=\"has-background\" style=\"background-color:#f3f4f5\"><tbody><tr><td><strong>Joueur Occasionnel<\/strong><\/td><td>Invit\u00e9 1 heure **<\/td><td>1 Semaine<\/td><\/tr><tr><td><\/td><td>10\u20ac<\/td><td>25\u20ac<\/td><\/tr><\/tbody><\/table><\/figure>\n\n\n\n<p><span class=\"has-inline-color has-white-color\"><strong>* <\/strong>Les enfants inscrits \u00e0 l&rsquo;\u00e9cole de Tennis n&rsquo;ont pas acc\u00e8s \u00e0 la r\u00e9servation mais peuvent&nbsp;jouer gratuitement si les courts sont libres.&nbsp;<br>** La location des heures \u201c&nbsp;invit\u00e9s&nbsp;\u201d est \u00e0 la charge des membres du club<\/span><\/p>\n\n\n\n<p><span class=\"has-inline-color has-white-color\">4.&nbsp;&nbsp;&nbsp;&nbsp;&nbsp; Si apr\u00e8s un quart d&rsquo;heure, un court r\u00e9serv\u00e9 n&rsquo;est pas occup\u00e9, l&rsquo;heure peut \u00eatre prise par d&rsquo;autres joueurs.<br>5.&nbsp;&nbsp;&nbsp;&nbsp;&nbsp; Les courts sont r\u00e9serv\u00e9s aux joueurs en tenue de sport. <strong>CHAUSSURES DE TENNIS OBLIGATOIRE. <\/strong><br>6.&nbsp;&nbsp;&nbsp;&nbsp;&nbsp; Les courts doivent \u00eatre maintenus en parfait \u00e9tat de propret\u00e9.&nbsp;Le court doit \u00eatre balay\u00e9 \u00ab&nbsp; en escargot&nbsp;\u00bb \u00e0 la fin de chaque utilisation. &nbsp;<br>7.&nbsp;&nbsp;&nbsp;&nbsp;&nbsp; <strong>LES RESPONSABLES DE LA SECTION TENNIS SONT HABILITES A INVITER LES JOUEURS A QUITTER LES COURTS EN CAS DE NON RESPECT DU REGLEMENT<\/strong><\/span><strong>.<\/strong> <\/p>\n\n\n\n<p><strong><u><strong><span class=\"has-inline-color has-white-color\">INSCRIPTIONS&nbsp; :<\/span><\/strong><\/u><\/strong><\/p>\n\n\n\n<p><span class=\"has-inline-color has-white-color\">Les cotisations doivent \u00eatre r\u00e9gl\u00e9es par ch\u00e8que \u00e0 l&rsquo;ordre de l&rsquo;ASLB Section TENNIS aupr\u00e8s de :<\/span><\/p>\n\n\n\n<figure class=\"wp-block-table is-style-stripes\"><table><tbody><tr><td class=\"has-text-align-center\" data-align=\"center\">Dominique SCHMITT <br>9 Rue de la Fraternit\u00e9 <br>68150 RIBEAUVILLE<\/td><td class=\"has-text-align-center\" data-align=\"center\">Ou : Christine SCHWINDENHAMMER<br>21 Rue des Pommiers <br>68180 HORBOURG WIHR<\/td><\/tr><\/tbody><\/table><\/figure>\n\n\n\n<p><\/p>\n","protected":false},"excerpt":{"rendered":"<p>TARIFS 2025\/2026 1.&nbsp;&nbsp;&nbsp;&nbsp;&nbsp;&nbsp; L&rsquo;ann\u00e9e tennistique commence le 1er Juillet 2025 et se termine le 30 Juin 20262.&nbsp;&nbsp;&nbsp;&nbsp;&nbsp;&nbsp; La r\u00e9servation d&rsquo;un court se fait par internet via l&rsquo;application TEN&rsquo;UP.3.&nbsp;&nbsp;&nbsp;&nbsp;&nbsp;&nbsp; Diff\u00e9rentes cotisations annuelles possibles : FORMULES AVEC ACCES A LA RESERVATION DES COURTS : Adulte seul + Conjoint + Enfant -16 ans 150 \u20ac + 50\u20ac + [&hellip;]<\/p>\n","protected":false},"author":1,"featured_media":0,"parent":0,"menu_order":0,"comment_status":"closed","ping_status":"closed","template":"","meta":{"footnotes":""},"class_list":["post-138","page","type-page","status-publish","hentry"],"_links":{"self":[{"href":"http:\/\/www.tennisbennwihr.fr\/index.php?rest_route=\/wp\/v2\/pages\/138","targetHints":{"allow":["GET"]}}],"collection":[{"href":"http:\/\/www.tennisbennwihr.fr\/index.php?rest_route=\/wp\/v2\/pages"}],"about":[{"href":"http:\/\/www.tennisbennwihr.fr\/index.php?rest_route=\/wp\/v2\/types\/page"}],"author":[{"embeddable":true,"href":"http:\/\/www.tennisbennwihr.fr\/index.php?rest_route=\/wp\/v2\/users\/1"}],"replies":[{"embeddable":true,"href":"http:\/\/www.tennisbennwihr.fr\/index.php?rest_route=%2Fwp%2Fv2%2Fcomments&post=138"}],"version-history":[{"count":13,"href":"http:\/\/www.tennisbennwihr.fr\/index.php?rest_route=\/wp\/v2\/pages\/138\/revisions"}],"predecessor-version":[{"id":195,"href":"http:\/\/www.tennisbennwihr.fr\/index.php?rest_route=\/wp\/v2\/pages\/138\/revisions\/195"}],"wp:attachment":[{"href":"http:\/\/www.tennisbennwihr.fr\/index.php?rest_route=%2Fwp%2Fv2%2Fmedia&parent=138"}],"curies":[{"name":"wp","href":"https:\/\/api.w.org\/{rel}","templated":true}]}}