{"id":82,"date":"2021-04-18T11:43:26","date_gmt":"2021-04-18T09:43:26","guid":{"rendered":"http:\/\/www.tennisbennwihr.fr\/?page_id=82"},"modified":"2021-05-06T11:15:54","modified_gmt":"2021-05-06T09:15:54","slug":"lecole-de-tennis","status":"publish","type":"page","link":"http:\/\/www.tennisbennwihr.fr\/?page_id=82","title":{"rendered":"L&rsquo;Ecole de Tennis"},"content":{"rendered":"\n<div class=\"wp-block-image\"><figure class=\"aligncenter size-large is-resized\"><img loading=\"lazy\" decoding=\"async\" src=\"http:\/\/www.tennisbennwihr.fr\/wp-content\/uploads\/2021\/05\/ecole.jpg\" alt=\"\" class=\"wp-image-155\" width=\"634\" height=\"422\" srcset=\"http:\/\/www.tennisbennwihr.fr\/wp-content\/uploads\/2021\/05\/ecole.jpg 500w, http:\/\/www.tennisbennwihr.fr\/wp-content\/uploads\/2021\/05\/ecole-300x200.jpg 300w\" sizes=\"auto, (max-width: 634px) 100vw, 634px\" \/><\/figure><\/div>\n\n\n\n<p><span class=\"has-inline-color has-white-color\">L&rsquo;\u00e9cole de tennis est dirig\u00e9e par Alexandre FONNE moniteur de tennis dipl\u00f4m\u00e9 d&rsquo;\u00e9tat aux horaires suivants :<br><strong>Les enfants : <\/strong><br>Mardi 18h &#8211; 21h <br>Mercredi 13h30-19h30 <br>Samedi 9h-12h <br><strong>Les adultes: <\/strong><br>Mercredi 19h30-21h30<\/span><\/p>\n\n\n\n<div class=\"wp-block-group\"><div class=\"wp-block-group__inner-container is-layout-flow wp-block-group-is-layout-flow\">\n<h4 class=\"has-luminous-vivid-amber-color has-text-color wp-block-heading\">Le MINI-TENNIS<\/h4>\n\n\n\n<p><\/p>\n<\/div><\/div>\n\n\n\n<p><span class=\"has-inline-color has-white-color\">Mini-tennis r\u00e9serv\u00e9 aux 5-6 ans. La r\u00e9ussite du Mini-tennis avec sa p\u00e9dagogie et son mat\u00e9riel sp\u00e9cialement con\u00e7us pour les enfants de 5-6 ans n&rsquo;est plus \u00e0 d\u00e9montrer avec pr\u00e8s de 6 000 centres dans les clubs de la FFT. <br>Objectif : d\u00e9couvrir le tennis de fa\u00e7on ludique et \u00e9ducative.<br>A noter que le Mini-tennis constitue aujourd&rsquo;hui la premi\u00e8re \u00e9tape du Club junior<\/span><\/p>\n\n\n\n<h4 class=\"has-luminous-vivid-amber-color has-text-color wp-block-heading\">L&rsquo;ECOLE DE TENNIS<\/h4>\n\n\n\n<p><span class=\"has-inline-color has-white-color\">L&rsquo;initiation &#8211; 1\u00e8re balle et 2\u00e8me balle  :<br>A partir de 7 ans, votre enfant peut commencer une initiation, qu&rsquo;il soit pass\u00e9 par l&rsquo;\u00e9tape mini-tennis ou non. Il joue sur un terrain traditionnel avec des balles \u00e9volutives (mousse, souples, interm\u00e9diaires) ; ses bases techniques et tactiques sont suffisantes pour qu&rsquo;il puisse commencer \u00e0 faire des matches, dans des conditions adapt\u00e9es \u00e0 son niveau.<\/span><\/p>\n\n\n\n<p><span class=\"has-inline-color has-white-color\">Le perfectionnement &#8211; 3\u00e8me balle :<br>De 8 \u00e0 12 ans, l&rsquo;enseignement est orient\u00e9 vers le renforcement technique et tactique. L&rsquo;enfant peut jouer des matches dans les conditions adapt\u00e9es \u00e0 sa progression.<\/span><\/p>\n\n\n\n<p><span class=\"has-inline-color has-white-color\">Le centre d&rsquo;entra\u00eenement :<br>Une pratique renforc\u00e9e (\u00e0 partir de 8 ans) peut \u00eatre propos\u00e9e aux enfants motiv\u00e9s pr\u00e9sentant des aptitudes pour la comp\u00e9tition officielle et homologu\u00e9e.<\/span><\/p>\n\n\n\n<p><span class=\"has-inline-color has-white-color\">Le Groupe Avenir Club :<br>Quand un ou plusieurs enfants du centre d&rsquo;entra\u00eenement poss\u00e8de un fort potentiel de progression, un Groupe Avenir Club peut \u00eatre constitu\u00e9 et permettre un entra\u00eenement personnalis\u00e9. Ce ou ces jeunes joueurs peuvent participer aux journ\u00e9es de d\u00e9tection r\u00e9gionale.<\/span><\/p>\n\n\n\n<p><span class=\"has-inline-color has-white-color\">*Attention ! les limites d&rsquo;\u00e2ge sont donn\u00e9es \u00e0 titre indicatif.<\/span><\/p>\n\n\n\n<h4 class=\"has-luminous-vivid-amber-color has-text-color wp-block-heading\">LE TENNIS ADULTE<\/h4>\n\n\n\n<p class=\"has-luminous-vivid-amber-color has-text-color has-normal-font-size\"><span class=\"has-inline-color has-white-color\">Quel que soit votre \u00e2ge, la FFT a mis en place dans ses clubs, une nouvelle p\u00e9dagogie et un tennis adapt\u00e9 \u00e0 chaque \u00e9tape d&rsquo;apprentissage permettant d&rsquo;\u00e9voluer au mieux vers le tennis dont vous r\u00eavez.<br>Aujourd&rsquo;hui pr\u00e8s de 1 200 clubs proposent ce programme dans toute la France. <\/span><\/p>\n\n\n\n<p class=\"has-luminous-vivid-amber-color has-text-color has-medium-font-size\">COURS COLLECTIFS ET STAGES :<\/p>\n\n\n\n<p class=\"has-normal-font-size\"><span class=\"has-inline-color has-white-color\">Vous pouvez trouver dans la plupart des clubs des s\u00e9ances d&rsquo;initiation et de perfectionnement sous forme de cours collectifs ou de stages (stages \u00e0 l&rsquo;ann\u00e9e, ponctuels lors des week-ends ou des vacances &#8230;).<br>Renseignez-vous aupr\u00e8s des clubs les plus proches de chez vous. Depuis 2000, le programme tennis adultes a \u00e9t\u00e9 progressivement mis en place dans les ligues. <br>Ce programme reprend les principes du Tennis \u00c9volutif, trois tendances ont \u00e9t\u00e9 d\u00e9clin\u00e9es en plusieurs programmes pour r\u00e9pondre aux attentes de chaque joueur ou futur joueur :<br>&#8211; Tennis D\u00e9couverte : le plaisir du jeu sans attendre. <br>&#8211; Tennis Forme : \u00eatre mieux dans son corps gr\u00e2ce au tennis.<br>&#8211; Tennis Performance : mieux jouer son match<\/span><\/p>\n\n\n\n<p class=\"has-white-color has-text-color\"><span class=\"has-inline-color has-white-color\">Pour en savoir plus, consulter le site de la f\u00e9d\u00e9ration <a href=\"http:\/\/www.fft.fr\">www.fft.fr<\/a> <br>Le Tennis Evolutif Quel que soit votre \u00e2ge, la FFT a mis en place dans ses clubs une nouvelle p\u00e9dagogie adapt\u00e9e qui rend l&rsquo;initiation et le perfectionnement au tennis plus agr\u00e9able et beaucoup plus facile. <br>Du mat\u00e9riel sp\u00e9cifique est aujourd&rsquo;hui utilis\u00e9 par les enseignants, sur des espaces de jeux adapt\u00e9s. plusieurs types de balles balle mousse (pour r\u00e9ussir d\u00e8s vos d\u00e9buts), balle souple (dont la vitesse est plus lente et le rebond plus bas), balle interm\u00e9diaire (facile \u00e0 ma\u00eetriser), balle traditionnelle, les raquettes (raquette \u00e9ducative, raquettes adapt\u00e9es progressives et l\u00e9g\u00e8res, la raquette traditionnelle).<br>Gr\u00e2ce \u00e0 une progression r\u00e9guli\u00e8re, vous d\u00e9couvrez le plaisir du jeu&#8230;&nbsp;<\/span><\/p>\n","protected":false},"excerpt":{"rendered":"<p>L&rsquo;\u00e9cole de tennis est dirig\u00e9e par Alexandre FONNE moniteur de tennis dipl\u00f4m\u00e9 d&rsquo;\u00e9tat aux horaires suivants :Les enfants : Mardi 18h &#8211; 21h Mercredi 13h30-19h30 Samedi 9h-12h Les adultes: Mercredi 19h30-21h30 Le MINI-TENNIS Mini-tennis r\u00e9serv\u00e9 aux 5-6 ans. La r\u00e9ussite du Mini-tennis avec sa p\u00e9dagogie et son mat\u00e9riel sp\u00e9cialement con\u00e7us pour les enfants de 5-6 [&hellip;]<\/p>\n","protected":false},"author":1,"featured_media":0,"parent":0,"menu_order":0,"comment_status":"closed","ping_status":"closed","template":"","meta":{"footnotes":""},"class_list":["post-82","page","type-page","status-publish","hentry"],"_links":{"self":[{"href":"http:\/\/www.tennisbennwihr.fr\/index.php?rest_route=\/wp\/v2\/pages\/82","targetHints":{"allow":["GET"]}}],"collection":[{"href":"http:\/\/www.tennisbennwihr.fr\/index.php?rest_route=\/wp\/v2\/pages"}],"about":[{"href":"http:\/\/www.tennisbennwihr.fr\/index.php?rest_route=\/wp\/v2\/types\/page"}],"author":[{"embeddable":true,"href":"http:\/\/www.tennisbennwihr.fr\/index.php?rest_route=\/wp\/v2\/users\/1"}],"replies":[{"embeddable":true,"href":"http:\/\/www.tennisbennwihr.fr\/index.php?rest_route=%2Fwp%2Fv2%2Fcomments&post=82"}],"version-history":[{"count":10,"href":"http:\/\/www.tennisbennwihr.fr\/index.php?rest_route=\/wp\/v2\/pages\/82\/revisions"}],"predecessor-version":[{"id":165,"href":"http:\/\/www.tennisbennwihr.fr\/index.php?rest_route=\/wp\/v2\/pages\/82\/revisions\/165"}],"wp:attachment":[{"href":"http:\/\/www.tennisbennwihr.fr\/index.php?rest_route=%2Fwp%2Fv2%2Fmedia&parent=82"}],"curies":[{"name":"wp","href":"https:\/\/api.w.org\/{rel}","templated":true}]}}